{"id":15,"date":"2018-09-20T22:02:55","date_gmt":"2018-09-20T22:02:55","guid":{"rendered":"https:\/\/emk.semmelweis.hu\/map4e_web\/?page_id=15"},"modified":"2018-11-25T21:25:35","modified_gmt":"2018-11-25T21:25:35","slug":"projectpartners","status":"publish","type":"page","link":"https:\/\/emk.semmelweis.hu\/map4e_web\/index.php\/projectpartners\/","title":{"rendered":"Project partners"},"content":{"rendered":"<div align=\"justify\">All of the three project partners are involved in patient safety programs for many years now, they all lead national level activities in their countries and they are also participants of the Patient Safety Joint Action.<\/div>\n<div align=\"justify\"><\/div>\n<p>&nbsp;<\/p>\n<div align=\"justify\"><strong>Project Coordinator:\u00a0<\/strong><\/div>\n<ul>\n<li><strong><a href=\"http:\/\/semmelweis.hu\/emk\/main\/\" target=\"_blank\" rel=\"noopener\">Semmelweis University Health Services Management Training Centre (Hungary)<\/a><\/strong><\/li>\n<\/ul>\n<div align=\"justify\"><strong>Project Partners:\u00a0<\/strong><\/div>\n<ul>\n<li><strong><a href=\"http:\/\/www.tpj.pl\/\" target=\"_blank\" rel=\"noopener\">Polish Society for Quality Promotion in Health Care (Poland)<\/a>\u00a0<\/strong><\/li>\n<li><strong><a href=\"https:\/\/www.seguridaddelpaciente.es\/en\/\" target=\"_blank\" rel=\"noopener\">The Spanish Ministry of Health, Consumer Affairs and Social Welfare (Spain)<\/a><\/strong><\/li>\n<\/ul>\n<p><strong>More about the project partners<\/strong><\/p>\n<div align=\"justify\">\n<p><figure id=\"attachment_95\" aria-describedby=\"caption-attachment-95\" style=\"width: 2841px\" class=\"wp-caption alignnone\"><img loading=\"lazy\" decoding=\"async\" class=\"wp-image-95 size-full\" src=\"https:\/\/emk.semmelweis.hu\/map4e_web\/wp-content\/uploads\/2018\/11\/IMG_2761-1.jpg\" alt=\"\" width=\"2841\" height=\"1457\" srcset=\"https:\/\/emk.semmelweis.hu\/map4e_web\/wp-content\/uploads\/2018\/11\/IMG_2761-1.jpg 2841w, https:\/\/emk.semmelweis.hu\/map4e_web\/wp-content\/uploads\/2018\/11\/IMG_2761-1-300x154.jpg 300w, https:\/\/emk.semmelweis.hu\/map4e_web\/wp-content\/uploads\/2018\/11\/IMG_2761-1-768x394.jpg 768w, https:\/\/emk.semmelweis.hu\/map4e_web\/wp-content\/uploads\/2018\/11\/IMG_2761-1-1024x525.jpg 1024w, https:\/\/emk.semmelweis.hu\/map4e_web\/wp-content\/uploads\/2018\/11\/IMG_2761-1-2000x1026.jpg 2000w\" sizes=\"(max-width: 2841px) 100vw, 2841px\" \/><figcaption id=\"caption-attachment-95\" class=\"wp-caption-text\"><em>1st row left to right: Eszter Pit\u00e1s (HU), \u00c9va Belicza (HU),\u00a0Barbara Kutryba (PL), Yuri Fabiola Vill\u00e1n Vill\u00e1n (ES) 2nd row left to right: Hel\u00e9na Safadi (HU), Judit L\u00e1m (HU), Yolanda Agra (ES), Halina\u00a0Kutaj-W\u0105sikowska (PL), Kamil Sedlak (PL) <\/em><\/figcaption><\/figure><br \/>\n\n<\/div>\n<div align=\"justify\">Hungary (HU), as the coordinating country \u2013 represented by the <strong>Semmelweis University Health Services Management Training Centre<\/strong>\u00a0<strong>(SU HSMTC)\u00a0<\/strong>\u2013 is greatly dedicated to education: in the past 3 years, the Patient Safety Division of Semmelweis University organised more than 500 hours net of lecturing in patient safety, reaching out to approx. more than 1400 people working in healthcare (mostly physicians and nurses). As part of a management institute, the division has both the educational and management knowledge and skills to successfully coordinate the current project.<\/div>\n<div align=\"justify\"><\/div>\n<p><\/p>\n<div align=\"justify\">The partner organisation\u00a0<strong> Polish Society for Quality Promotion in Health Care (Towarzystwo Promocji Jako\u015bci Opieki Zdrowotnej w Polsce &#8211; TPJ) <\/strong>\u00a0from Poland (PL) adds great value in the field of patient safety and healthcare quality to the project. As a former partner in the DUQuE project, TPJ coordinated field studies, which experience could be used in designing and executing on-site testing of educational methodology. Members of TPJ are also involved in education as experienced lecturers and are active in EU-level processes as members of the EU Patient Safety and Quality of Care Expert Group, which connection is a significant resource in the expected EU-level dissemination of the developed patient safety educational methodology.<\/div>\n<div align=\"justify\"><\/div>\n<p><\/p>\n<div align=\"justify\">However, in order to increase professionalism and eliminate the distortion caused by inner blindness coming from both countries being Eastern-European, a need for a Western country\u2019s involvement did arise, thus Spain (ES) was invited to the project. <strong>The Spanish Ministry of Health, Consumer Affairs and Social Welfare<\/strong> (earlier: Ministry of Health, Social Services and Equality) has vast experience in patient safety education as it already has running programs on both BSc and MSc higher educational levels. The Spanish partner guided and supported the two Eastern-European countries with professional advice on educational methodology development and also took an important part in evaluating survey and educational feedback results.<\/div>\n<div align=\"justify\"><\/div>\n<p><\/p>\n<div align=\"justify\"><strong>The task distribution was the following: <\/strong>The professional concept, management, and coordination was the duty of the Semmelweis University HSMTC. The detailed professional concept, the basis of methodology and the final recommendations on the methodology involved all participant partners as equals, with the same conditions. Furthermore, Eastern-European (HU, PL) countries were responsible for on-site testing and gathering results and feedback from the involved test sites; whereas Spain participated as a professional consultant and also as leading partner in the evaluation of the results.<\/div>\n<div align=\"justify\"><\/div>\n<p>&nbsp;<\/p>\n<div align=\"justify\"><img loading=\"lazy\" decoding=\"async\" class=\"size-full wp-image-117 aligncenter\" src=\"https:\/\/emk.semmelweis.hu\/map4e_web\/wp-content\/uploads\/2018\/11\/Picture1.png\" alt=\"\" width=\"1356\" height=\"118\" srcset=\"https:\/\/emk.semmelweis.hu\/map4e_web\/wp-content\/uploads\/2018\/11\/Picture1.png 1356w, https:\/\/emk.semmelweis.hu\/map4e_web\/wp-content\/uploads\/2018\/11\/Picture1-300x26.png 300w, https:\/\/emk.semmelweis.hu\/map4e_web\/wp-content\/uploads\/2018\/11\/Picture1-768x67.png 768w, https:\/\/emk.semmelweis.hu\/map4e_web\/wp-content\/uploads\/2018\/11\/Picture1-1024x89.png 1024w\" sizes=\"(max-width: 1356px) 100vw, 1356px\" \/><\/div>\n","protected":false},"excerpt":{"rendered":"<p>All of the three project partners are involved in patient safety programs for many years now, they all lead national level activities in their countries and they are also participants of the Patient Safety Joint Action. &nbsp; Project Coordinator:\u00a0 Semmelweis University Health Services Management Training Centre (Hungary) Project Partners:\u00a0 Polish Society for Quality Promotion in &hellip; <a href=\"https:\/\/emk.semmelweis.hu\/map4e_web\/index.php\/projectpartners\/\" class=\"more-link\">Continue reading <span class=\"screen-reader-text\">Project partners<\/span><\/a><\/p>\n","protected":false},"author":1,"featured_media":0,"parent":0,"menu_order":0,"comment_status":"closed","ping_status":"closed","template":"","meta":{"jetpack_post_was_ever_published":false,"footnotes":""},"class_list":["post-15","page","type-page","status-publish","hentry"],"jetpack_sharing_enabled":true,"jetpack_shortlink":"https:\/\/wp.me\/PaAJw3-f","_links":{"self":[{"href":"https:\/\/emk.semmelweis.hu\/map4e_web\/index.php\/wp-json\/wp\/v2\/pages\/15"}],"collection":[{"href":"https:\/\/emk.semmelweis.hu\/map4e_web\/index.php\/wp-json\/wp\/v2\/pages"}],"about":[{"href":"https:\/\/emk.semmelweis.hu\/map4e_web\/index.php\/wp-json\/wp\/v2\/types\/page"}],"author":[{"embeddable":true,"href":"https:\/\/emk.semmelweis.hu\/map4e_web\/index.php\/wp-json\/wp\/v2\/users\/1"}],"replies":[{"embeddable":true,"href":"https:\/\/emk.semmelweis.hu\/map4e_web\/index.php\/wp-json\/wp\/v2\/comments?post=15"}],"version-history":[{"count":34,"href":"https:\/\/emk.semmelweis.hu\/map4e_web\/index.php\/wp-json\/wp\/v2\/pages\/15\/revisions"}],"predecessor-version":[{"id":130,"href":"https:\/\/emk.semmelweis.hu\/map4e_web\/index.php\/wp-json\/wp\/v2\/pages\/15\/revisions\/130"}],"wp:attachment":[{"href":"https:\/\/emk.semmelweis.hu\/map4e_web\/index.php\/wp-json\/wp\/v2\/media?parent=15"}],"curies":[{"name":"wp","href":"https:\/\/api.w.org\/{rel}","templated":true}]}}